{"id":18,"date":"2025-12-01T16:28:12","date_gmt":"2025-12-01T19:28:12","guid":{"rendered":"http:\/\/aulao.fasf.com.br\/?page_id=18"},"modified":"2025-12-02T10:53:13","modified_gmt":"2025-12-02T13:53:13","slug":"home","status":"publish","type":"page","link":"https:\/\/aulao.fasf.com.br\/","title":{"rendered":"Home"},"content":{"rendered":"\t\t<div data-elementor-type=\"wp-page\" data-elementor-id=\"18\" class=\"elementor elementor-18\" data-elementor-post-type=\"page\">\n\t\t\t\t<div class=\"elementor-element elementor-element-b695b2f e-flex e-con-boxed e-con e-parent\" data-id=\"b695b2f\" data-element_type=\"container\" data-settings=\"{&quot;background_background&quot;:&quot;classic&quot;}\">\n\t\t\t\t\t<div class=\"e-con-inner\">\n\t\t<div class=\"elementor-element elementor-element-b3305fe e-con-full e-flex e-con e-child\" data-id=\"b3305fe\" data-element_type=\"container\">\n\t\t\t\t<div class=\"elementor-element elementor-element-5cb7bf0 elementor-widget elementor-widget-image\" data-id=\"5cb7bf0\" data-element_type=\"widget\" data-widget_type=\"image.default\">\n\t\t\t\t\t\t\t\t\t\t\t\t\t\t\t<img fetchpriority=\"high\" decoding=\"async\" width=\"758\" height=\"149\" src=\"http:\/\/aulao.fasf.com.br\/wp-content\/uploads\/2025\/12\/contorno-branco.png\" class=\"attachment-large size-large wp-image-66\" alt=\"\" srcset=\"http:\/\/aulao.fasf.com.br\/wp-content\/uploads\/2025\/12\/contorno-branco.png 758w, http:\/\/aulao.fasf.com.br\/wp-content\/uploads\/2025\/12\/contorno-branco-300x59.png 300w\" sizes=\"(max-width: 758px) 100vw, 758px\" \/>\t\t\t\t\t\t\t\t\t\t\t\t\t\t\t<\/div>\n\t\t\t\t<div class=\"elementor-element elementor-element-3836be1 elementor-widget elementor-widget-text-editor\" data-id=\"3836be1\" data-element_type=\"widget\" data-widget_type=\"text-editor.default\">\n\t\t\t\t\t\t\t\t\t<p><strong>Aul\u00e3o Sagrada Fam\u00edlia<\/strong><\/p>\t\t\t\t\t\t\t\t<\/div>\n\t\t\t\t<div class=\"elementor-element elementor-element-c8827e6 elementor-widget elementor-widget-text-editor\" data-id=\"c8827e6\" data-element_type=\"widget\" data-widget_type=\"text-editor.default\">\n\t\t\t\t\t\t\t\t\t<p style=\"text-align: center;\"><strong>8 a 12 de dezembro<\/strong><\/p>\t\t\t\t\t\t\t\t<\/div>\n\t\t\t\t<div class=\"elementor-element elementor-element-2227248 elementor-widget elementor-widget-text-editor\" data-id=\"2227248\" data-element_type=\"widget\" data-widget_type=\"text-editor.default\">\n\t\t\t\t\t\t\t\t\t<p><em>Inscreva-se preenchendo o formul\u00e1rio:<\/em><\/p>\t\t\t\t\t\t\t\t<\/div>\n\t\t\t\t<\/div>\n\t\t<div class=\"elementor-element elementor-element-dae34d3 e-con-full e-flex e-con e-child\" data-id=\"dae34d3\" data-element_type=\"container\" data-settings=\"{&quot;background_background&quot;:&quot;classic&quot;}\">\n\t\t\t\t<div class=\"elementor-element elementor-element-0cb9bbd elementor-widget elementor-widget-shortcode\" data-id=\"0cb9bbd\" data-element_type=\"widget\" data-widget_type=\"shortcode.default\">\n\t\t\t\t\t\t\t<div class=\"elementor-shortcode\"><div id=\"quform-848639\" class=\"quform quform-1 quform-theme-bootstrap quform-support-page-caching\"><form id=\"quform-form-848639\" class=\"quform-form quform-form-1\" action=\"\/index.php\/wp-json\/wp\/v2\/pages\/18#quform-848639\" method=\"post\" enctype=\"multipart\/form-data\" novalidate=\"novalidate\" data-options=\"{&quot;id&quot;:1,&quot;uniqueId&quot;:&quot;848639&quot;,&quot;theme&quot;:&quot;bootstrap&quot;,&quot;ajax&quot;:true,&quot;logic&quot;:{&quot;logic&quot;:{&quot;18&quot;:{&quot;action&quot;:true,&quot;match&quot;:&quot;all&quot;,&quot;rules&quot;:[{&quot;elementId&quot;:&quot;13&quot;,&quot;operator&quot;:&quot;eq&quot;,&quot;optionId&quot;:&quot;3&quot;,&quot;value&quot;:&quot;N\\u00e3o&quot;}]}},&quot;dependents&quot;:{&quot;13&quot;:[18]},&quot;elementIds&quot;:[18],&quot;dependentElementIds&quot;:[&quot;13&quot;],&quot;animate&quot;:true},&quot;currentPageId&quot;:1,&quot;errorsIcon&quot;:&quot;&quot;,&quot;updateFancybox&quot;:true,&quot;hasPages&quot;:false,&quot;pages&quot;:[1],&quot;pageProgressType&quot;:&quot;numbers&quot;,&quot;tooltipsEnabled&quot;:true,&quot;tooltipClasses&quot;:&quot;qtip-quform-dark qtip-shadow&quot;,&quot;tooltipMy&quot;:&quot;left center&quot;,&quot;tooltipAt&quot;:&quot;right center&quot;,&quot;isRtl&quot;:false,&quot;scrollOffset&quot;:-50,&quot;scrollSpeed&quot;:800}\"><button class=\"quform-default-submit\" name=\"quform_submit\" type=\"submit\" value=\"submit\" aria-hidden=\"true\" tabindex=\"-1\"><\/button><div class=\"quform-form-inner quform-form-inner-1\"><input type=\"hidden\" name=\"quform_form_id\" value=\"1\" \/><input type=\"hidden\" name=\"quform_form_uid\" value=\"848639\" \/><input type=\"hidden\" name=\"quform_count\" value=\"1\" \/><input type=\"hidden\" name=\"form_url\" value=\"https:\/\/aulao.fasf.com.br\/index.php\/wp-json\/wp\/v2\/pages\/18\" \/><input type=\"hidden\" name=\"referring_url\" value=\"\" \/><input type=\"hidden\" name=\"post_id\" value=\"\" \/><input type=\"hidden\" name=\"post_title\" value=\"\" \/><input type=\"hidden\" name=\"quform_current_page_id\" value=\"1\" \/><input type=\"hidden\" name=\"quform_loaded\" value=\"1778126477|663fe0faf84b074ccb06bbbb03266868\" \/><input type=\"hidden\" name=\"quform_csrf_token\" value=\"T3ZrywJZPbqJgnJIewgwhJJzMEX7mfeCMEWmBdto\" \/><div class=\"quform-elements quform-elements-1 quform-cf quform-responsive-elements-phone-landscape\"><div class=\"quform-element quform-element-page quform-page-1 quform-page-1_1 quform-cf quform-group-style-plain quform-first-page quform-last-page quform-current-page\"><div class=\"quform-child-elements\"><div class=\"quform-element quform-element-text quform-element-1_6 quform-cf quform-element-required\"><div class=\"quform-spacer\"><div class=\"quform-label quform-label-1_6\"><span class=\"quform-label-icon\"><i class=\"fa fa-user\"><\/i><\/span><label class=\"quform-label-text\" for=\"quform_1_6_848639\">Seu nome<span class=\"quform-required\">*<\/span><\/label><\/div><div class=\"quform-inner quform-inner-text quform-inner-1_6\"><div class=\"quform-input quform-input-text quform-input-1_6 quform-cf\"><input type=\"text\" id=\"quform_1_6_848639\" name=\"quform_1_6\" class=\"quform-field quform-field-text quform-field-1_6\" \/><\/div><\/div><\/div><\/div><div class=\"quform-element quform-element-textarea quform-element-1_641379 quform-sr-only quform-cf\" style=\"clip: rect(1px, 1px, 1px, 1px); clip-path: inset(50%); position: absolute !important; height: 1px; width: 1px; overflow: hidden;\"><div class=\"quform-spacer\"><div class=\"quform-label quform-label-1_641379\"><label class=\"quform-label-text\" for=\"quform_1_641379_848639\">Phone Number<span class=\"quform-required\">*<\/span><\/label><\/div><div class=\"quform-inner quform-inner-1_641379\"><textarea id=\"quform_1_641379_848639\" name=\"quform_1_641379\" class=\"quform-field quform-field-textarea quform-field-1_641379\" tabindex=\"-1\" autocomplete=\"new-password\"><\/textarea><\/div><\/div><\/div><div class=\"quform-element quform-element-text quform-element-1_5 quform-cf quform-element-required\"><div class=\"quform-spacer\"><div class=\"quform-label quform-label-1_5\"><span class=\"quform-label-icon\"><i class=\"fa fa-whatsapp\"><\/i><\/span><label class=\"quform-label-text\" for=\"quform_1_5_848639\">Whatsapp<span class=\"quform-required\">*<\/span><\/label><\/div><div class=\"quform-inner quform-inner-text quform-inner-1_5\"><div class=\"quform-input quform-input-text quform-input-1_5 quform-cf\"><input type=\"text\" id=\"quform_1_5_848639\" name=\"quform_1_5\" class=\"quform-field quform-field-text quform-field-1_5\" \/><\/div><\/div><\/div><\/div><div class=\"quform-element quform-element-text quform-element-1_19 quform-cf quform-element-required\"><div class=\"quform-spacer\"><div class=\"quform-label quform-label-1_19\"><span class=\"quform-label-icon\"><i class=\"fa fa-book\"><\/i><\/span><label class=\"quform-label-text\" for=\"quform_1_19_848639\">Curso o qual prestar\u00e1 vestibular<span class=\"quform-required\">*<\/span><\/label><\/div><div class=\"quform-inner quform-inner-text quform-inner-1_19\"><div class=\"quform-input quform-input-text quform-input-1_19 quform-cf\"><input type=\"text\" id=\"quform_1_19_848639\" name=\"quform_1_19\" class=\"quform-field quform-field-text quform-field-1_19\" \/><\/div><\/div><\/div><\/div><div class=\"quform-element quform-element-group quform-element-1_9 quform-cf quform-group-style-plain\"><div class=\"quform-spacer\"><div class=\"quform-child-elements\"><div class=\"quform-element quform-element-radio quform-element-1_13 quform-cf quform-element-required\"><div class=\"quform-spacer\"><div class=\"quform-label quform-label-1_13\"><span class=\"quform-label-icon\"><i class=\"fa fa-user\"><\/i><\/span><label class=\"quform-label-text\" id=\"quform_1_13_848639_label\">Aluno Sagrada?<span class=\"quform-required\">*<\/span><\/label><\/div><div class=\"quform-inner quform-inner-radio quform-inner-1_13\"><div class=\"quform-input quform-input-radio quform-input-1_13 quform-cf\"><div class=\"quform-options quform-cf quform-options-inline quform-options-simple\" role=\"radiogroup\" aria-labelledby=\"quform_1_13_848639_label\"><div class=\"quform-option\"><input type=\"radio\" name=\"quform_1_13\" id=\"quform_1_13_848639_1\" class=\"quform-field quform-field-radio quform-field-1_13 quform-field-1_13_1\" value=\"Sim\" \/><label for=\"quform_1_13_848639_1\" class=\"quform-option-label quform-option-label-1_13_1\"><span class=\"quform-option-text\">Sim<\/span><\/label><\/div><div class=\"quform-option\"><input type=\"radio\" name=\"quform_1_13\" id=\"quform_1_13_848639_3\" class=\"quform-field quform-field-radio quform-field-1_13 quform-field-1_13_3\" value=\"N\u00e3o\" \/><label for=\"quform_1_13_848639_3\" class=\"quform-option-label quform-option-label-1_13_3\"><span class=\"quform-option-text\">N\u00e3o<\/span><\/label><\/div><\/div><\/div><\/div><\/div><\/div><div class=\"quform-element quform-element-text quform-element-1_18 quform-cf quform-element-required\"><div class=\"quform-spacer\"><div class=\"quform-label quform-label-1_18\"><label class=\"quform-label-text\" for=\"quform_1_18_848639\">Institui\u00e7\u00e3o onde estuda<span class=\"quform-required\">*<\/span><\/label><\/div><div class=\"quform-inner quform-inner-text quform-inner-1_18\"><div class=\"quform-input quform-input-text quform-input-1_18 quform-cf\"><input type=\"text\" id=\"quform_1_18_848639\" name=\"quform_1_18\" class=\"quform-field quform-field-text quform-field-1_18\" \/><\/div><\/div><\/div><\/div><\/div><\/div><\/div><div class=\"quform-element quform-element-submit quform-element-1_20 quform-cf quform-button-size-huge quform-button-width-full\"><div class=\"quform-button-submit quform-button-submit-default quform-button-submit-1_20 quform-button-icon-right\"><button name=\"quform_submit\" type=\"submit\" class=\"quform-submit\" value=\"submit\"><span class=\"quform-button-text quform-button-submit-text\">Inscreva-se<\/span><span class=\"quform-button-icon quform-button-submit-icon\"><i class=\"qicon-paper-plane\"><\/i><\/span><\/button><\/div><div class=\"quform-loading quform-loading-position-left quform-loading-type-spinner-1\"><div class=\"quform-loading-inner\"><div class=\"quform-loading-spinner\"><div class=\"quform-loading-spinner-inner\"><\/div><\/div><\/div><\/div><\/div><\/div><\/div><\/div><\/div><\/form><\/div><\/div>\n\t\t\t\t\t\t<\/div>\n\t\t\t\t<\/div>\n\t\t<div class=\"elementor-element elementor-element-550fe66 e-con-full e-flex e-con e-child\" data-id=\"550fe66\" data-element_type=\"container\">\n\t\t\t\t<div class=\"elementor-element elementor-element-4b86f0c elementor-widget elementor-widget-text-editor\" data-id=\"4b86f0c\" data-element_type=\"widget\" data-widget_type=\"text-editor.default\">\n\t\t\t\t\t\t\t\t\t<p><strong>Local<\/strong>: Gin\u00e1sio do Sagrada Fam\u00edlia Centro &#8211; Av. Visconde de Nacar, 439<\/p>\t\t\t\t\t\t\t\t<\/div>\n\t\t\t\t<\/div>\n\t\t\t\t\t<\/div>\n\t\t\t\t<\/div>\n\t\t\t\t<\/div>\n\t\t","protected":false},"excerpt":{"rendered":"<p>Aul\u00e3o Sagrada Fam\u00edlia 8 a 12 de dezembro Inscreva-se preenchendo o formul\u00e1rio: Local: Gin\u00e1sio do Sagrada Fam\u00edlia Centro &#8211; Av. Visconde de Nacar, 439<\/p>\n","protected":false},"author":1,"featured_media":81,"parent":0,"menu_order":0,"comment_status":"closed","ping_status":"closed","template":"elementor_canvas","meta":{"footnotes":""},"class_list":["post-18","page","type-page","status-publish","has-post-thumbnail","hentry"],"yoast_head":"<!-- This site is optimized with the Yoast SEO plugin v26.5 - https:\/\/yoast.com\/wordpress\/plugins\/seo\/ -->\n<title>Aul\u00e3o - Sagrada Fam\u00edlia<\/title>\n<meta name=\"description\" content=\"Aul\u00e3o Sagrada Fam\u00edlia, de 8 a 12 de dezembro.\" \/>\n<meta name=\"robots\" content=\"noindex, follow, max-snippet:-1, max-image-preview:large, max-video-preview:-1\" \/>\n<meta property=\"og:locale\" content=\"pt_BR\" \/>\n<meta property=\"og:type\" content=\"article\" \/>\n<meta property=\"og:title\" content=\"Aul\u00e3o - Sagrada Fam\u00edlia\" \/>\n<meta property=\"og:description\" content=\"Aul\u00e3o Sagrada Fam\u00edlia, de 8 a 12 de dezembro.\" \/>\n<meta property=\"og:url\" content=\"http:\/\/aulao.fasf.com.br\/\" \/>\n<meta property=\"og:site_name\" content=\"Aul\u00e3o - Sagrada Fam\u00edlia\" \/>\n<meta property=\"article:modified_time\" content=\"2025-12-02T13:53:13+00:00\" \/>\n<meta property=\"og:image\" content=\"http:\/\/aulao.fasf.com.br\/wp-content\/uploads\/2025\/12\/seo.jpg\" \/>\n\t<meta property=\"og:image:width\" content=\"1920\" \/>\n\t<meta property=\"og:image:height\" content=\"1080\" \/>\n\t<meta property=\"og:image:type\" content=\"image\/jpeg\" \/>\n<meta name=\"twitter:card\" content=\"summary_large_image\" \/>\n<meta name=\"twitter:title\" content=\"Aul\u00e3o - Sagrada Fam\u00edlia\" \/>\n<meta name=\"twitter:description\" content=\"Aul\u00e3o Sagrada Fam\u00edlia, de 8 a 12 de dezembro.\" \/>\n<meta name=\"twitter:image\" content=\"https:\/\/aulao.fasf.com.br\/wp-content\/uploads\/2025\/12\/seo.jpg\" \/>\n<script type=\"application\/ld+json\" class=\"yoast-schema-graph\">{\"@context\":\"https:\/\/schema.org\",\"@graph\":[{\"@type\":\"WebPage\",\"@id\":\"http:\/\/aulao.fasf.com.br\/\",\"url\":\"http:\/\/aulao.fasf.com.br\/\",\"name\":\"Aul\u00e3o - Sagrada Fam\u00edlia\",\"isPartOf\":{\"@id\":\"http:\/\/aulao.fasf.com.br\/#website\"},\"primaryImageOfPage\":{\"@id\":\"http:\/\/aulao.fasf.com.br\/#primaryimage\"},\"image\":{\"@id\":\"http:\/\/aulao.fasf.com.br\/#primaryimage\"},\"thumbnailUrl\":\"https:\/\/aulao.fasf.com.br\/wp-content\/uploads\/2025\/12\/seo.jpg\",\"datePublished\":\"2025-12-01T19:28:12+00:00\",\"dateModified\":\"2025-12-02T13:53:13+00:00\",\"description\":\"Aul\u00e3o Sagrada Fam\u00edlia, de 8 a 12 de dezembro.\",\"breadcrumb\":{\"@id\":\"http:\/\/aulao.fasf.com.br\/#breadcrumb\"},\"inLanguage\":\"pt-BR\",\"potentialAction\":[{\"@type\":\"ReadAction\",\"target\":[\"http:\/\/aulao.fasf.com.br\/\"]}]},{\"@type\":\"ImageObject\",\"inLanguage\":\"pt-BR\",\"@id\":\"http:\/\/aulao.fasf.com.br\/#primaryimage\",\"url\":\"https:\/\/aulao.fasf.com.br\/wp-content\/uploads\/2025\/12\/seo.jpg\",\"contentUrl\":\"https:\/\/aulao.fasf.com.br\/wp-content\/uploads\/2025\/12\/seo.jpg\",\"width\":1920,\"height\":1080},{\"@type\":\"BreadcrumbList\",\"@id\":\"http:\/\/aulao.fasf.com.br\/#breadcrumb\",\"itemListElement\":[{\"@type\":\"ListItem\",\"position\":1,\"name\":\"Home\",\"item\":\"http:\/\/aulao.fasf.com.br\/\"},{\"@type\":\"ListItem\",\"position\":2,\"name\":\"Home\"}]},{\"@type\":\"WebSite\",\"@id\":\"http:\/\/aulao.fasf.com.br\/#website\",\"url\":\"http:\/\/aulao.fasf.com.br\/\",\"name\":\"Aul\u00e3o - Sagrada Fam\u00edlia\",\"description\":\"Aul\u00e3o Sagrada Fam\u00edlia, de 8 a 12 de dezembro.\",\"publisher\":{\"@id\":\"http:\/\/aulao.fasf.com.br\/#organization\"},\"potentialAction\":[{\"@type\":\"SearchAction\",\"target\":{\"@type\":\"EntryPoint\",\"urlTemplate\":\"http:\/\/aulao.fasf.com.br\/?s={search_term_string}\"},\"query-input\":{\"@type\":\"PropertyValueSpecification\",\"valueRequired\":true,\"valueName\":\"search_term_string\"}}],\"inLanguage\":\"pt-BR\"},{\"@type\":\"Organization\",\"@id\":\"http:\/\/aulao.fasf.com.br\/#organization\",\"name\":\"Aul\u00e3o - Sagrada Fam\u00edlia\",\"url\":\"http:\/\/aulao.fasf.com.br\/\",\"logo\":{\"@type\":\"ImageObject\",\"inLanguage\":\"pt-BR\",\"@id\":\"http:\/\/aulao.fasf.com.br\/#\/schema\/logo\/image\/\",\"url\":\"https:\/\/aulao.fasf.com.br\/wp-content\/uploads\/2025\/12\/contorno-branco.png\",\"contentUrl\":\"https:\/\/aulao.fasf.com.br\/wp-content\/uploads\/2025\/12\/contorno-branco.png\",\"width\":758,\"height\":149,\"caption\":\"Aul\u00e3o - Sagrada Fam\u00edlia\"},\"image\":{\"@id\":\"http:\/\/aulao.fasf.com.br\/#\/schema\/logo\/image\/\"}}]}<\/script>\n<!-- \/ Yoast SEO plugin. -->","yoast_head_json":{"title":"Aul\u00e3o - Sagrada Fam\u00edlia","description":"Aul\u00e3o Sagrada Fam\u00edlia, de 8 a 12 de dezembro.","robots":{"index":"noindex","follow":"follow","max-snippet":"max-snippet:-1","max-image-preview":"max-image-preview:large","max-video-preview":"max-video-preview:-1"},"og_locale":"pt_BR","og_type":"article","og_title":"Aul\u00e3o - Sagrada Fam\u00edlia","og_description":"Aul\u00e3o Sagrada Fam\u00edlia, de 8 a 12 de dezembro.","og_url":"http:\/\/aulao.fasf.com.br\/","og_site_name":"Aul\u00e3o - Sagrada Fam\u00edlia","article_modified_time":"2025-12-02T13:53:13+00:00","og_image":[{"width":1920,"height":1080,"url":"http:\/\/aulao.fasf.com.br\/wp-content\/uploads\/2025\/12\/seo.jpg","type":"image\/jpeg"}],"twitter_card":"summary_large_image","twitter_title":"Aul\u00e3o - Sagrada Fam\u00edlia","twitter_description":"Aul\u00e3o Sagrada Fam\u00edlia, de 8 a 12 de dezembro.","twitter_image":"https:\/\/aulao.fasf.com.br\/wp-content\/uploads\/2025\/12\/seo.jpg","schema":{"@context":"https:\/\/schema.org","@graph":[{"@type":"WebPage","@id":"http:\/\/aulao.fasf.com.br\/","url":"http:\/\/aulao.fasf.com.br\/","name":"Aul\u00e3o - Sagrada Fam\u00edlia","isPartOf":{"@id":"http:\/\/aulao.fasf.com.br\/#website"},"primaryImageOfPage":{"@id":"http:\/\/aulao.fasf.com.br\/#primaryimage"},"image":{"@id":"http:\/\/aulao.fasf.com.br\/#primaryimage"},"thumbnailUrl":"https:\/\/aulao.fasf.com.br\/wp-content\/uploads\/2025\/12\/seo.jpg","datePublished":"2025-12-01T19:28:12+00:00","dateModified":"2025-12-02T13:53:13+00:00","description":"Aul\u00e3o Sagrada Fam\u00edlia, de 8 a 12 de dezembro.","breadcrumb":{"@id":"http:\/\/aulao.fasf.com.br\/#breadcrumb"},"inLanguage":"pt-BR","potentialAction":[{"@type":"ReadAction","target":["http:\/\/aulao.fasf.com.br\/"]}]},{"@type":"ImageObject","inLanguage":"pt-BR","@id":"http:\/\/aulao.fasf.com.br\/#primaryimage","url":"https:\/\/aulao.fasf.com.br\/wp-content\/uploads\/2025\/12\/seo.jpg","contentUrl":"https:\/\/aulao.fasf.com.br\/wp-content\/uploads\/2025\/12\/seo.jpg","width":1920,"height":1080},{"@type":"BreadcrumbList","@id":"http:\/\/aulao.fasf.com.br\/#breadcrumb","itemListElement":[{"@type":"ListItem","position":1,"name":"Home","item":"http:\/\/aulao.fasf.com.br\/"},{"@type":"ListItem","position":2,"name":"Home"}]},{"@type":"WebSite","@id":"http:\/\/aulao.fasf.com.br\/#website","url":"http:\/\/aulao.fasf.com.br\/","name":"Aul\u00e3o - Sagrada Fam\u00edlia","description":"Aul\u00e3o Sagrada Fam\u00edlia, de 8 a 12 de dezembro.","publisher":{"@id":"http:\/\/aulao.fasf.com.br\/#organization"},"potentialAction":[{"@type":"SearchAction","target":{"@type":"EntryPoint","urlTemplate":"http:\/\/aulao.fasf.com.br\/?s={search_term_string}"},"query-input":{"@type":"PropertyValueSpecification","valueRequired":true,"valueName":"search_term_string"}}],"inLanguage":"pt-BR"},{"@type":"Organization","@id":"http:\/\/aulao.fasf.com.br\/#organization","name":"Aul\u00e3o - Sagrada Fam\u00edlia","url":"http:\/\/aulao.fasf.com.br\/","logo":{"@type":"ImageObject","inLanguage":"pt-BR","@id":"http:\/\/aulao.fasf.com.br\/#\/schema\/logo\/image\/","url":"https:\/\/aulao.fasf.com.br\/wp-content\/uploads\/2025\/12\/contorno-branco.png","contentUrl":"https:\/\/aulao.fasf.com.br\/wp-content\/uploads\/2025\/12\/contorno-branco.png","width":758,"height":149,"caption":"Aul\u00e3o - Sagrada Fam\u00edlia"},"image":{"@id":"http:\/\/aulao.fasf.com.br\/#\/schema\/logo\/image\/"}}]}},"_links":{"self":[{"href":"https:\/\/aulao.fasf.com.br\/index.php\/wp-json\/wp\/v2\/pages\/18","targetHints":{"allow":["GET"]}}],"collection":[{"href":"https:\/\/aulao.fasf.com.br\/index.php\/wp-json\/wp\/v2\/pages"}],"about":[{"href":"https:\/\/aulao.fasf.com.br\/index.php\/wp-json\/wp\/v2\/types\/page"}],"author":[{"embeddable":true,"href":"https:\/\/aulao.fasf.com.br\/index.php\/wp-json\/wp\/v2\/users\/1"}],"replies":[{"embeddable":true,"href":"https:\/\/aulao.fasf.com.br\/index.php\/wp-json\/wp\/v2\/comments?post=18"}],"version-history":[{"count":44,"href":"https:\/\/aulao.fasf.com.br\/index.php\/wp-json\/wp\/v2\/pages\/18\/revisions"}],"predecessor-version":[{"id":82,"href":"https:\/\/aulao.fasf.com.br\/index.php\/wp-json\/wp\/v2\/pages\/18\/revisions\/82"}],"wp:featuredmedia":[{"embeddable":true,"href":"https:\/\/aulao.fasf.com.br\/index.php\/wp-json\/wp\/v2\/media\/81"}],"wp:attachment":[{"href":"https:\/\/aulao.fasf.com.br\/index.php\/wp-json\/wp\/v2\/media?parent=18"}],"curies":[{"name":"wp","href":"https:\/\/api.w.org\/{rel}","templated":true}]}}